{"id":2447,"date":"2022-05-31T10:46:37","date_gmt":"2022-05-31T08:46:37","guid":{"rendered":"https:\/\/academie-immo.lu\/beitraege\/"},"modified":"2022-07-07T16:26:46","modified_gmt":"2022-07-07T14:26:46","slug":"beitraege","status":"publish","type":"page","link":"https:\/\/academie-immo.lu\/de\/beitraege\/","title":{"rendered":"Beitr\u00e4ge"},"content":{"rendered":"<p>[vc_row css=&#8220;.vc_custom_1656678178900{margin-top: 40px !important;}&#8220;][vc_column width=&#8220;2\/3&#8243;]<div id=\"sc_title_131757581\"\r\n\t\tclass=\"sc_title sc_title_default\"><h6 class=\"sc_item_subtitle sc_title_subtitle sc_align_left sc_item_title_style_default\">Die branchen\u00fcbergreifende Vereinbarung f\u00fcr den Immobiliensektor<\/h6><h3 class=\"sc_item_title sc_title_title sc_align_left sc_item_title_style_default\">Funktionsprinzip<\/h3><\/div><!-- \/.sc_title -->[vc_column_text]Auf der Grundlage eines zwischen den Sozialpartnern <a href=\"https:\/\/www.chambre-immobiliere.lu\/\">CIGDL<\/a> &#8211; <a href=\"http:\/\/www.ogbl.lu\/\">OGBL<\/a> &#8211; <a href=\"https:\/\/lcgb.lu\/\">LCGB<\/a> unterzeichneten branchen\u00fcbergreifenden Abkommens wird ein <strong>System von obligatorischen Ausbildungsbeitr\u00e4gen im Immobiliensektor<\/strong> eingef\u00fchrt.<\/p>\n<p>Diese Verpflichtung wird auf der Grundlage einer gro\u00dfherzoglichen Verordnung festgelegt. Zu diesem Zweck <strong>zahlen<\/strong> die Unternehmen des Immobiliensektors <strong>0,5 % ihrer Lohnsumme<\/strong> in einen Ausbildungsfonds ein. Die Zahlung des Beitrags erm\u00f6glicht es den beitragszahlenden Unternehmen, <strong>ihre Besch\u00e4ftigten<\/strong> unabh\u00e4ngig von der Art der <strong>Ausbildung kostenlos weiterzubilden<\/strong>. Das interprofessionelle Abkommen des Immobiliensektors, das zwischen der Immobilienkammer und den Sozialpartnern <a href=\"http:\/\/www.ogbl.lu\/\">OGBL<\/a> und <a href=\"https:\/\/lcgb.lu\/\">LCGB<\/a> am 28. Oktober 2021 unterzeichnet wurde, ist der Grund f\u00fcr die Einf\u00fchrung eines Systems der beruflichen Weiterbildung in unserem Sektor.[\/vc_column_text][vc_btn title=&#8220;Verordnung lesen&#8220; align=&#8220;left&#8220; i_icon_fontawesome=&#8220;far fa-file-alt&#8220; add_icon=&#8220;true&#8220; link=&#8220;url:http%3A%2F%2Facademie-immo.lu%2Fwp-content%2Fuploads%2F2022%2F05%2F02.-Re%CC%80glement-grand-ducal-du-7032022.pdf|target:_blank|&#8220; css=&#8220;.vc_custom_1656678207109{margin-top: 40px !important;}&#8220;][\/vc_column][vc_column width=&#8220;1\/3&#8243;][vc_single_image image=&#8220;1712&#8243; img_size=&#8220;large&#8220;][\/vc_column][\/vc_row]<\/p>\n","protected":false},"excerpt":{"rendered":"<p>[vc_row css=&#8220;.vc_custom_1656678178900{margin-top: 40px !important;}&#8220;][vc_column width=&#8220;2\/3&#8243;][vc_column_text]Auf der Grundlage eines zwischen den Sozialpartnern CIGDL &#8211; OGBL &#8211; LCGB unterzeichneten branchen\u00fcbergreifenden Abkommens wird ein System von obligatorischen Ausbildungsbeitr\u00e4gen im Immobiliensektor eingef\u00fchrt. Diese Verpflichtung wird auf der Grundlage einer gro\u00dfherzoglichen Verordnung festgelegt. Zu diesem Zweck zahlen die Unternehmen des Immobiliensektors 0,5 % ihrer Lohnsumme in einen Ausbildungsfonds ein. Die Zahlung des Beitrags erm\u00f6glicht es&hellip;<\/p>\n","protected":false},"author":1,"featured_media":0,"parent":0,"menu_order":0,"comment_status":"closed","ping_status":"closed","template":"","meta":{"footnotes":""},"class_list":["post-2447","page","type-page","status-publish","hentry"],"yoast_head":"<!-- This site is optimized with the Yoast SEO plugin v20.6 - https:\/\/yoast.com\/wordpress\/plugins\/seo\/ -->\n<title>Beitr\u00e4ge - Acad\u00e9mie de l&#039;immobilier<\/title>\n<meta name=\"robots\" content=\"index, follow, max-snippet:-1, max-image-preview:large, max-video-preview:-1\" \/>\n<link rel=\"canonical\" href=\"https:\/\/academie-immo.lu\/de\/beitraege\/\" \/>\n<meta property=\"og:locale\" content=\"de_DE\" \/>\n<meta property=\"og:type\" content=\"article\" \/>\n<meta property=\"og:title\" content=\"Beitr\u00e4ge - Acad\u00e9mie de l&#039;immobilier\" \/>\n<meta property=\"og:description\" content=\"[vc_row css=&#8220;.vc_custom_1656678178900{margin-top: 40px !important;}&#8220;][vc_column width=&#8220;2\/3&#8243;][vc_column_text]Auf der Grundlage eines zwischen den Sozialpartnern CIGDL &#8211; OGBL &#8211; LCGB unterzeichneten branchen\u00fcbergreifenden Abkommens wird ein System von obligatorischen Ausbildungsbeitr\u00e4gen im Immobiliensektor eingef\u00fchrt. Diese Verpflichtung wird auf der Grundlage einer gro\u00dfherzoglichen Verordnung festgelegt. Zu diesem Zweck zahlen die Unternehmen des Immobiliensektors 0,5 % ihrer Lohnsumme in einen Ausbildungsfonds ein. Die Zahlung des Beitrags erm\u00f6glicht es&hellip;\" \/>\n<meta property=\"og:url\" content=\"https:\/\/academie-immo.lu\/de\/beitraege\/\" \/>\n<meta property=\"og:site_name\" content=\"Acad\u00e9mie de l&#039;immobilier\" \/>\n<meta property=\"article:modified_time\" content=\"2022-07-07T14:26:46+00:00\" \/>\n<meta name=\"twitter:card\" content=\"summary_large_image\" \/>\n<meta name=\"twitter:label1\" content=\"Gesch\u00e4tzte Lesezeit\" \/>\n\t<meta name=\"twitter:data1\" content=\"1\u00a0Minute\" \/>\n<script type=\"application\/ld+json\" class=\"yoast-schema-graph\">{\"@context\":\"https:\/\/schema.org\",\"@graph\":[{\"@type\":\"WebPage\",\"@id\":\"https:\/\/academie-immo.lu\/de\/beitraege\/\",\"url\":\"https:\/\/academie-immo.lu\/de\/beitraege\/\",\"name\":\"Beitr\u00e4ge - Acad\u00e9mie de l&#039;immobilier\",\"isPartOf\":{\"@id\":\"https:\/\/academie-immo.lu\/#website\"},\"datePublished\":\"2022-05-31T08:46:37+00:00\",\"dateModified\":\"2022-07-07T14:26:46+00:00\",\"breadcrumb\":{\"@id\":\"https:\/\/academie-immo.lu\/de\/beitraege\/#breadcrumb\"},\"inLanguage\":\"de\",\"potentialAction\":[{\"@type\":\"ReadAction\",\"target\":[\"https:\/\/academie-immo.lu\/de\/beitraege\/\"]}]},{\"@type\":\"BreadcrumbList\",\"@id\":\"https:\/\/academie-immo.lu\/de\/beitraege\/#breadcrumb\",\"itemListElement\":[{\"@type\":\"ListItem\",\"position\":1,\"name\":\"Accueil\",\"item\":\"https:\/\/academie-immo.lu\/de\/\"},{\"@type\":\"ListItem\",\"position\":2,\"name\":\"Beitr\u00e4ge\"}]},{\"@type\":\"WebSite\",\"@id\":\"https:\/\/academie-immo.lu\/#website\",\"url\":\"https:\/\/academie-immo.lu\/\",\"name\":\"Acad\u00e9mie de l&#039;immobilier\",\"description\":\"\",\"potentialAction\":[{\"@type\":\"SearchAction\",\"target\":{\"@type\":\"EntryPoint\",\"urlTemplate\":\"https:\/\/academie-immo.lu\/?s={search_term_string}\"},\"query-input\":\"required name=search_term_string\"}],\"inLanguage\":\"de\"}]}<\/script>\n<!-- \/ Yoast SEO plugin. -->","yoast_head_json":{"title":"Beitr\u00e4ge - Acad\u00e9mie de l&#039;immobilier","robots":{"index":"index","follow":"follow","max-snippet":"max-snippet:-1","max-image-preview":"max-image-preview:large","max-video-preview":"max-video-preview:-1"},"canonical":"https:\/\/academie-immo.lu\/de\/beitraege\/","og_locale":"de_DE","og_type":"article","og_title":"Beitr\u00e4ge - Acad\u00e9mie de l&#039;immobilier","og_description":"[vc_row css=&#8220;.vc_custom_1656678178900{margin-top: 40px !important;}&#8220;][vc_column width=&#8220;2\/3&#8243;][vc_column_text]Auf der Grundlage eines zwischen den Sozialpartnern CIGDL &#8211; OGBL &#8211; LCGB unterzeichneten branchen\u00fcbergreifenden Abkommens wird ein System von obligatorischen Ausbildungsbeitr\u00e4gen im Immobiliensektor eingef\u00fchrt. Diese Verpflichtung wird auf der Grundlage einer gro\u00dfherzoglichen Verordnung festgelegt. Zu diesem Zweck zahlen die Unternehmen des Immobiliensektors 0,5 % ihrer Lohnsumme in einen Ausbildungsfonds ein. Die Zahlung des Beitrags erm\u00f6glicht es&hellip;","og_url":"https:\/\/academie-immo.lu\/de\/beitraege\/","og_site_name":"Acad\u00e9mie de l&#039;immobilier","article_modified_time":"2022-07-07T14:26:46+00:00","twitter_card":"summary_large_image","twitter_misc":{"Gesch\u00e4tzte Lesezeit":"1\u00a0Minute"},"schema":{"@context":"https:\/\/schema.org","@graph":[{"@type":"WebPage","@id":"https:\/\/academie-immo.lu\/de\/beitraege\/","url":"https:\/\/academie-immo.lu\/de\/beitraege\/","name":"Beitr\u00e4ge - Acad\u00e9mie de l&#039;immobilier","isPartOf":{"@id":"https:\/\/academie-immo.lu\/#website"},"datePublished":"2022-05-31T08:46:37+00:00","dateModified":"2022-07-07T14:26:46+00:00","breadcrumb":{"@id":"https:\/\/academie-immo.lu\/de\/beitraege\/#breadcrumb"},"inLanguage":"de","potentialAction":[{"@type":"ReadAction","target":["https:\/\/academie-immo.lu\/de\/beitraege\/"]}]},{"@type":"BreadcrumbList","@id":"https:\/\/academie-immo.lu\/de\/beitraege\/#breadcrumb","itemListElement":[{"@type":"ListItem","position":1,"name":"Accueil","item":"https:\/\/academie-immo.lu\/de\/"},{"@type":"ListItem","position":2,"name":"Beitr\u00e4ge"}]},{"@type":"WebSite","@id":"https:\/\/academie-immo.lu\/#website","url":"https:\/\/academie-immo.lu\/","name":"Acad\u00e9mie de l&#039;immobilier","description":"","potentialAction":[{"@type":"SearchAction","target":{"@type":"EntryPoint","urlTemplate":"https:\/\/academie-immo.lu\/?s={search_term_string}"},"query-input":"required name=search_term_string"}],"inLanguage":"de"}]}},"_links":{"self":[{"href":"https:\/\/academie-immo.lu\/de\/wp-json\/wp\/v2\/pages\/2447","targetHints":{"allow":["GET"]}}],"collection":[{"href":"https:\/\/academie-immo.lu\/de\/wp-json\/wp\/v2\/pages"}],"about":[{"href":"https:\/\/academie-immo.lu\/de\/wp-json\/wp\/v2\/types\/page"}],"author":[{"embeddable":true,"href":"https:\/\/academie-immo.lu\/de\/wp-json\/wp\/v2\/users\/1"}],"replies":[{"embeddable":true,"href":"https:\/\/academie-immo.lu\/de\/wp-json\/wp\/v2\/comments?post=2447"}],"version-history":[{"count":4,"href":"https:\/\/academie-immo.lu\/de\/wp-json\/wp\/v2\/pages\/2447\/revisions"}],"predecessor-version":[{"id":2535,"href":"https:\/\/academie-immo.lu\/de\/wp-json\/wp\/v2\/pages\/2447\/revisions\/2535"}],"wp:attachment":[{"href":"https:\/\/academie-immo.lu\/de\/wp-json\/wp\/v2\/media?parent=2447"}],"curies":[{"name":"wp","href":"https:\/\/api.w.org\/{rel}","templated":true}]}}